{"id":163180,"date":"2026-02-13T20:18:27","date_gmt":"2026-02-13T20:18:27","guid":{"rendered":"https:\/\/freeseedsonline.com\/?p=163180"},"modified":"2026-02-13T20:18:27","modified_gmt":"2026-02-13T20:18:27","slug":"semillas-de-cannabis-critical-rqs","status":"publish","type":"product","link":"https:\/\/freeseedsonline.com\/es\/productos\/semillas-de-cannabis-critical-rqs\/","title":{"rendered":"Semillas de cannabis Critical"},"content":{"rendered":"<h2>Semillas de marihuana Critical<\/h2>\n<p>En freeseedsonline.com ofrecemos las populares <strong>semillas de marihuana Critical<\/strong>, una excelente opci\u00f3n tanto para cultivadores principiantes como experimentados que buscan comprar <em>semillas de marihuana<\/em> o <em>pedir semillas de marihuana<\/em> de alta calidad. Estas semillas de cannabis con predominancia Indica son conocidas por su impresionante rendimiento, crecimiento robusto y efectos relajantes, lo que las hace perfectas para una amplia gama de entornos de cultivo. Ya sea que est\u00e9s interesado en <em>semillas de cannabis<\/em> para cultivo interior o exterior, las semillas Critical ofrecen resultados consistentes que satisfacen a cualquier cultivador.<\/p>\n<h3>Caracter\u00edsticas y especificaciones<\/h3>\n<p>Las <strong>semillas de marihuana Critical<\/strong> han sido cuidadosamente desarrolladas por Royal Queen Seeds y ofrecen un equilibrio de potencia, sabor y fiabilidad. Echemos un vistazo a las principales caracter\u00edsticas y especificaciones que convierten a estas semillas en una opci\u00f3n destacada para los amantes de <em>pedir semillas de marihuana<\/em>.<\/p>\n<ul>\n<li><strong>Gen\u00e9tica:<\/strong> H\u00edbrido con predominancia Indica, derivado de cepas cl\u00e1sicas como Afghani y Skunk, lo que garantiza una estructura de planta s\u00f3lida y un per\u00edodo de floraci\u00f3n corto.<\/li>\n<li><strong>Contenido de THC y CBD:<\/strong> Con un alto contenido de THC de aproximadamente 18-22%, ideal para una experiencia potente, mientras que el contenido de CBD es bajo (alrededor del 1%), lo que lo hace especialmente adecuado para uso recreativo. Para m\u00e1s informaci\u00f3n sobre THC y CBD, consulta nuestro art\u00edculo sobre <a href=\"https:\/\/freeseedsonline.com\/es\/cannabis-cbd-y-thc\">cannabis CBD y THC<\/a>.<\/li>\n<li><strong>Tama\u00f1o y crecimiento:<\/strong> En cultivo interior, las plantas son compactas, de 80-120 cm de altura, mientras que en exterior pueden alcanzar hasta 150 cm, dependiendo del clima.<\/li>\n<li><strong>Per\u00edodo de floraci\u00f3n:<\/strong> Corto y eficiente, con una floraci\u00f3n de 7-8 semanas en interior, y listo para la cosecha en septiembre u octubre en exterior, incluso en regiones m\u00e1s fr\u00edas.<\/li>\n<li><strong>Rendimiento:<\/strong> En interior, puedes esperar entre 500-600 gramos por m\u00b2, y en exterior entre 65-75 gramos por planta bajo condiciones \u00f3ptimas.<\/li>\n<li><strong>Dificultad:<\/strong> Adecuado para principiantes, con alta resistencia a variaciones clim\u00e1ticas y factores externos como hongos o plagas \u2013 consulta nuestro art\u00edculo sobre <a href=\"https:\/\/freeseedsonline.com\/es\/controlar-biolgicamente-moho-y-plagas\">control biol\u00f3gico de hongos y plagas<\/a> para obtener consejos.<\/li>\n<\/ul>\n<h3>Informaci\u00f3n detallada de cultivo para semillas Critical<\/h3>\n<p>El cultivo de <strong>semillas de marihuana Critical<\/strong> es una experiencia sencilla y gratificante, especialmente para principiantes que buscan <em>comprar semillas de marihuana<\/em> fiables. Estas semillas son vers\u00e1tiles y funcionan excelentemente tanto en interior como en exterior, con un nivel de dificultad relativamente bajo que las hace ideales para novatos. Comienza germinando las semillas siguiendo nuestra gu\u00eda en <a href=\"https:\/\/freeseedsonline.com\/es\/germinacin-de-semillas-de-marihuana\">germinar semillas de marihuana<\/a>, y aseg\u00farate de proporcionar un entorno estable para optimizar el crecimiento.<\/p>\n<p>El cultivo en interior es particularmente exitoso con <strong>semillas de marihuana Critical<\/strong>, donde puedes usar una carpa de cultivo para controlar la temperatura y la humedad \u2013 consulta nuestro art\u00edculo sobre <a href=\"https:\/\/freeseedsonline.com\/es\/cultivar-marihuana-en-interior\">cultivar marihuana en interior<\/a> para obtener instrucciones detalladas. Mant\u00e9n las plantas a una altura de 80-100 cm y utiliza un ciclo de luz 18\/6 durante la fase vegetativa. Para un crecimiento \u00f3ptimo, recomendamos entrenarlas con t\u00e9cnicas como el fimming, como se describe en <a href=\"https:\/\/freeseedsonline.com\/es\/fimado-de-planta-de-marihuana\">fimado de plantas de marihuana<\/a>, para crear un dosel uniforme y maximizar el rendimiento. Usa tierra de buena calidad, como se recomienda en <a href=\"https:\/\/freeseedsonline.com\/es\/top-3-mejores-tierras-para-su-planta-de-marihuana\">la mejor tierra para plantas de marihuana<\/a>, y mant\u00e9n un pH entre 6.0 y 7.0.<\/p>\n<p>El cultivo en exterior tambi\u00e9n es viable, especialmente en climas c\u00e1lidos, pero estas semillas muestran resiliencia en \u00e1reas m\u00e1s fr\u00edas gracias a su corto per\u00edodo de floraci\u00f3n. Pl\u00e1ntalas en un lugar soleado y protegido, y considera m\u00e9todos de cultivo guerrilla de <a href=\"https:\/\/freeseedsonline.com\/es\/ubicaciones-populares-para-un-cultivo-de-guerrilla\">ubicaciones populares para cultivo guerrilla<\/a> para un cultivo discreto. La dificultad es baja, pero vigila las plagas como los caracoles a trav\u00e9s de <a href=\"https:\/\/freeseedsonline.com\/es\/caracoles-en-la-planta-de-marihuana-qu-hacer-ahora\">caracoles en plantas de marihuana<\/a>. Consejos espec\u00edficos para Critical: poda el follaje excesivo durante la fase de crecimiento para mejorar la circulaci\u00f3n de aire y evita la sobrefertilizaci\u00f3n para mantener intacto el sabor. Con el cuidado adecuado, puedes disfrutar de una abundante cosecha en 8-9 semanas, perfecta tanto para cultivadores aficionados como comerciales.<\/p>\n<h3>Efectos, sabor y aroma de las semillas Critical<\/h3>\n<p>Las <strong>semillas de marihuana Critical<\/strong> ofrecen un efecto potente y vers\u00e1til que es especialmente apreciado por los conocedores de <em>semillas de cannabis<\/em>. Con su predominancia Indica, esta variedad proporciona un profundo coloc\u00f3n corporal relajante que alivia el estr\u00e9s y la tensi\u00f3n, ideal para uso nocturno o relajaci\u00f3n despu\u00e9s de un largo d\u00eda. Los usuarios reportan una fuerte sensaci\u00f3n de estar colocados que aparece en pocos minutos, con una duraci\u00f3n de 2-4 horas, lo que tambi\u00e9n lo hace adecuado para uso medicinal, como alivio del dolor o problemas de sue\u00f1o \u2013 aprende m\u00e1s sobre indica en <a href=\"https:\/\/freeseedsonline.com\/es\/cannabis-indica\">cannabis indica<\/a>.<\/p>\n<p>En cuanto al sabor y aroma, las semillas Critical son un deleite para los sentidos, con un sabor dulce y afrutado con toques de skunk y c\u00edtricos, que deja un agradable regusto. El aroma es intenso y terroso, con matices florales, lo que enriquece la experiencia de fumar. Para uso medicinal, esta variedad es efectiva contra el dolor cr\u00f3nico o la ansiedad, gracias a su alto contenido de THC; comb\u00ednala con recetas de <a href=\"https:\/\/freeseedsonline.com\/es\/uso-medicinal-y-recetas-artculos-recetas-marihuana-medicinal\">recetas de marihuana medicinal<\/a> para beneficios adicionales. En resumen, el equilibrio de efectos y sabor hace de Critical una elecci\u00f3n confiable para cualquier sesi\u00f3n.<\/p>\n<h3>Comparaci\u00f3n con variedades similares<\/h3>\n<p>Mientras que las <strong>semillas de marihuana Critical<\/strong> destacan por su rendimiento y facilidad, es \u00fatil compararlas con variedades similares como <a href=\"https:\/\/freeseedsonline.com\/es\/productos\/golden-runtz\">Golden Runtz<\/a>, que tiene un sabor m\u00e1s dulce pero requiere un per\u00edodo de floraci\u00f3n m\u00e1s largo. A diferencia de <a href=\"https:\/\/freeseedsonline.com\/es\/productos\/gold-gelato-autoflower\">GOLD Gelato Autoflower<\/a>, que florece m\u00e1s r\u00e1pido y es ideal para principiantes, Critical ofrece un mayor rendimiento por planta, aunque es menos autofloreciente. Para los amantes del cultivo exterior, se asemeja a <a href=\"https:\/\/freeseedsonline.com\/es\/productos\/semillas-de-marihuana-pineapple-kush\">semillas de marihuana Pineapple Kush<\/a>, pero Critical gana en robustez en climas m\u00e1s fr\u00edos. En resumen, si buscas un equilibrio entre calidad y cantidad, las semillas Critical suelen ser la mejor opci\u00f3n para <em>pedir semillas de marihuana<\/em>.<\/p>\n<h3>Preguntas frecuentes sobre semillas Critical<\/h3>\n<p>A continuaci\u00f3n, encontrar\u00e1s respuestas a algunas preguntas frecuentes sobre las <strong>semillas de marihuana Critical<\/strong>, para ayudarte a tomar una decisi\u00f3n al <em>comprar semillas de marihuana<\/em>.<\/p>\n<ul>\n<li><strong>P: \u00bfSon las semillas Critical adecuadas para principiantes?<\/strong><br \/>R: S\u00ed, estas semillas son ideales para principiantes debido a su crecimiento robusto y baja dificultad, con alta resistencia a problemas comunes. Sigue nuestra gu\u00eda en <a href=\"https:\/\/freeseedsonline.com\/es\/cultivar-marihuana-para-principiantes\">cultivar marihuana para principiantes<\/a> para obtener consejos adicionales y hacer que tu primer cultivo sea un \u00e9xito.<\/li>\n<li><strong>P: \u00bfCu\u00e1l es el rendimiento promedio de las semillas Critical?<\/strong><br \/>R: En interior, puedes esperar hasta 600 gramos por m\u00b2, mientras que en exterior se pueden alcanzar 65-75 gramos por planta bajo condiciones \u00f3ptimas. Esto las hace populares entre cultivadores comerciales, pero aseg\u00farate de proporcionar suficiente luz y nutrientes para obtener los mejores resultados.<\/li>\n<li><strong>P: \u00bfPuedo cultivar semillas Critical en exterior en los Pa\u00edses Bajos?<\/strong><br \/>R: Absolutamente, gracias a su corto per\u00edodo de floraci\u00f3n, son adecuadas para el clima neerland\u00e9s, siempre que elijas un lugar soleado. Lee m\u00e1s sobre los aspectos legales en <a href=\"https:\/\/freeseedsonline.com\/es\/normativas-legales-y-cannabis-se-puede-cultivar-marihuana-al-aire-libre\">\u00bfse puede cultivar marihuana en exterior?<\/a> para mantenerte seguro.<\/li>\n<li><strong>P: \u00bfCu\u00e1les son los beneficios medicinales de las semillas Critical?<\/strong><br \/>R: Esta variedad ayuda con la relajaci\u00f3n, el alivio del dolor y la reducci\u00f3n del estr\u00e9s debido a su alto contenido de THC, y est\u00e1 menos enfocada en CBD. Para obtener m\u00e1s informaci\u00f3n sobre aplicaciones medicinales, consulta <a href=\"https:\/\/freeseedsonline.com\/es\/cules-son-las-plantas-de-marihuana-con-alto-contenido-de-cbd\">semillas de marihuana con alto contenido de CBD<\/a>, aunque Critical es m\u00e1s recreativa.<\/li>\n<\/ul>\n<p>\u00bfPor qu\u00e9 deber\u00edas pedir <strong>semillas de marihuana Critical<\/strong> con nosotros? En freeseedsonline.com garantizamos calidad, entrega r\u00e1pida y asesoramiento experto, para que puedas <em>pedir semillas de marihuana<\/em> con confianza. Adem\u00e1s, aprovecha nuestra oferta exclusiva: <em>compra 4, paga 3<\/em>, lo que significa m\u00e1s valor por tu dinero. Combina esto con nuestra amplia selecci\u00f3n de <em>semillas de cannabis<\/em> y recursos \u00fatiles, y tendr\u00e1s todo lo necesario para un cultivo exitoso.<\/p>\n","protected":false},"excerpt":{"rendered":"<p><strong><span style=\"color: #00a859\">G\u00e9nero:<\/span><\/strong> Feminizada<\/p>\n<p><span style=\"color: #00a859\"><strong>THC:<\/strong><\/span> <strong>18%<\/strong><\/p>\n<p><span style=\"color: #50b848\"><strong>CBD:<\/strong><\/span> Bajo<\/p>\n<p><span style=\"color: #00a859\"><strong>Tipo:<\/strong><\/span> 40% <strong>Sativa<\/strong> 60% <strong>Indica<\/strong><\/p>\n<p><span style=\"color: #00a859\"><strong>Cruce: <\/strong><\/span><span class=\"feture-value\">Afghani x Skunk<\/span><\/p>\n<p><span style=\"color: #00a859\"><strong>Altura promedio interior:<\/strong><\/span> <span class=\"feture-value\">80 &#8211; 140 cm<\/span><\/p>\n<p><span style=\"color: #00a859\"><strong>Altura promedio exterior: <\/strong><\/span><span class=\"feture-value\">180 &#8211; 220 cm<\/span><\/p>\n<p><span style=\"color: #00a859\"><strong>Rendimiento promedio interior hasta: <\/strong><\/span><span class=\"feture-value\">550 &#8211; 600 gr\/m2<\/span><\/p>\n<p><strong><span style=\"color: #00a859\">Rendimiento promedio exterior: <\/span><\/strong><span class=\"feture-value\">600-650 gr\/planta<\/span><\/p>\n<p><span style=\"color: #00a859\"><strong>Per\u00edodo de floraci\u00f3n interior:<\/strong><\/span> <span class=\"feture-value\">7 &#8211; 8 semanas<\/span><\/p>\n<p><span style=\"color: #50b848\"><strong>Per\u00edodo de floraci\u00f3n exterior:<\/strong><\/span> <span class=\"feture-value\">7 &#8211; 8 semanas<\/span><\/p>\n<p><span style=\"color: #00a859\"><span style=\"font-weight: bold;color: #00a859\">Sabor: <\/span><\/span><span class=\"feture-value\">Terroso, Acre, Dulce<\/span><\/p>\n<p><span style=\"color: #50b848\"><strong>Efecto:<\/strong><\/span> <span class=\"feture-value\">Colocado, f\u00edsico y mental<\/span><\/p>\n<p>&nbsp;<\/p>\n","protected":false},"featured_media":192933,"comment_status":"closed","ping_status":"closed","template":"","meta":[],"product_brand":[],"product_cat":[851,877,795,802,800,757,783],"product_tag":[],"class_list":{"0":"post-163180","1":"product","2":"type-product","3":"status-publish","4":"has-post-thumbnail","6":"product_cat-nuevas-variedades-de-semillas-de-cannabis","7":"product_cat-royal-queen-seeds","8":"product_cat-semillas-de-marihuana-feminizadas","9":"product_cat-semillas-de-marihuana-para-exterior","10":"product_cat-semillas-de-marihuana-para-interior","11":"product_cat-todas-las-variedades","12":"product_cat-variedades-para-principiantes","14":"first","15":"instock","16":"taxable","17":"shipping-taxable","18":"purchasable","19":"product-type-simple"},"_links":{"self":[{"href":"https:\/\/freeseedsonline.com\/es\/wp-json\/wp\/v2\/product\/163180","targetHints":{"allow":["GET"]}}],"collection":[{"href":"https:\/\/freeseedsonline.com\/es\/wp-json\/wp\/v2\/product"}],"about":[{"href":"https:\/\/freeseedsonline.com\/es\/wp-json\/wp\/v2\/types\/product"}],"replies":[{"embeddable":true,"href":"https:\/\/freeseedsonline.com\/es\/wp-json\/wp\/v2\/comments?post=163180"}],"wp:featuredmedia":[{"embeddable":true,"href":"https:\/\/freeseedsonline.com\/es\/wp-json\/wp\/v2\/media\/192933"}],"wp:attachment":[{"href":"https:\/\/freeseedsonline.com\/es\/wp-json\/wp\/v2\/media?parent=163180"}],"wp:term":[{"taxonomy":"product_brand","embeddable":true,"href":"https:\/\/freeseedsonline.com\/es\/wp-json\/wp\/v2\/product_brand?post=163180"},{"taxonomy":"product_cat","embeddable":true,"href":"https:\/\/freeseedsonline.com\/es\/wp-json\/wp\/v2\/product_cat?post=163180"},{"taxonomy":"product_tag","embeddable":true,"href":"https:\/\/freeseedsonline.com\/es\/wp-json\/wp\/v2\/product_tag?post=163180"}],"curies":[{"name":"wp","href":"https:\/\/api.w.org\/{rel}","templated":true}]}}