{"id":163110,"date":"2026-02-13T20:06:52","date_gmt":"2026-02-13T20:06:52","guid":{"rendered":"https:\/\/freeseedsonline.com\/?p=163110"},"modified":"2026-02-13T20:06:52","modified_gmt":"2026-02-13T20:06:52","slug":"semillas-de-marihuana-blueberry-autoflower-10-pack","status":"publish","type":"product","link":"https:\/\/freeseedsonline.com\/es\/productos\/semillas-de-marihuana-blueberry-autoflower-10-pack\/","title":{"rendered":"Semillas de marihuana Blueberry Autoflower 10 PACK"},"content":{"rendered":"<h2>Semillas de marihuana Blueberry Autoflower 10 PACK<\/h2>\n<p>&nbsp;<\/p>\n<p>Las semillas de marihuana Blueberry 10 pack las puedes pedir por solo 34,95. Las semillas vienen en paquetes de 10 y no cuentan para las semillas gratuitas.<\/p>\n<h3>La descripci\u00f3n completa la encuentras a trav\u00e9s del siguiente enlace<\/h3>\n<ul>\n<li><a href=\"https:\/\/freeseedsonline.com\/es\/productos\/semillas-de-marihuana-blueberry-autoflower\">Descripci\u00f3n de las semillas Blueberry<\/a><\/li>\n<\/ul>\n","protected":false},"excerpt":{"rendered":"<p><strong><span style=\"color: #00a859;\">G\u00e9nero:<\/span><\/strong> Autofloreciente femenina<\/p>\n<p><span style=\"color: #00a859;\"><strong>THC:<\/strong><\/span> <strong>14%<\/strong><\/p>\n<p><span style=\"color: #00a859;\"><strong>Tipo:<\/strong><\/span> <strong>Indica <\/strong>\/ <strong>Ruderalis<\/strong><\/p>\n<p><span style=\"color: #00a859;\"><strong>Altura promedio en interior:<\/strong><\/span> 0.60-0.80 cm<\/p>\n<p><span style=\"color: #00a859;\"><strong>Altura promedio en exterior:<\/strong> <\/span> 1.00-1.10 cm<\/p>\n<p><span style=\"color: #00a859;\"><strong>Rendimiento promedio en interior hasta:<\/strong><\/span> 450 gramos\/m2<\/p>\n<p><strong><span style=\"color: #00a859;\">Rendimiento promedio en exterior:<\/span><\/strong> 130 a 180 gramos por planta<\/p>\n<p><span style=\"color: #00a859;\"><strong>Per\u00edodo de floraci\u00f3n en interior:<\/strong><\/span> 8 a 9 semanas<\/p>\n<p><span style=\"color: #50b848;\"><strong>Per\u00edodo de floraci\u00f3n en exterior:<\/strong><\/span> 8 a 9 semanas<\/p>\n<p>&nbsp;<\/p>\n<p>\u00a1Atenci\u00f3n, aqu\u00ed no recibir\u00e1s semillas gratis!<\/p>\n","protected":false},"featured_media":192358,"comment_status":"closed","ping_status":"closed","template":"","meta":[],"product_brand":[],"product_cat":[861,846],"product_tag":[],"class_list":{"0":"post-163110","1":"product","2":"type-product","3":"status-publish","4":"has-post-thumbnail","6":"product_cat-10-paquete","7":"product_cat-semillas-de-cannabis-en-oferta","9":"first","10":"instock","11":"taxable","12":"shipping-taxable","13":"purchasable","14":"product-type-simple"},"_links":{"self":[{"href":"https:\/\/freeseedsonline.com\/es\/wp-json\/wp\/v2\/product\/163110","targetHints":{"allow":["GET"]}}],"collection":[{"href":"https:\/\/freeseedsonline.com\/es\/wp-json\/wp\/v2\/product"}],"about":[{"href":"https:\/\/freeseedsonline.com\/es\/wp-json\/wp\/v2\/types\/product"}],"replies":[{"embeddable":true,"href":"https:\/\/freeseedsonline.com\/es\/wp-json\/wp\/v2\/comments?post=163110"}],"wp:featuredmedia":[{"embeddable":true,"href":"https:\/\/freeseedsonline.com\/es\/wp-json\/wp\/v2\/media\/192358"}],"wp:attachment":[{"href":"https:\/\/freeseedsonline.com\/es\/wp-json\/wp\/v2\/media?parent=163110"}],"wp:term":[{"taxonomy":"product_brand","embeddable":true,"href":"https:\/\/freeseedsonline.com\/es\/wp-json\/wp\/v2\/product_brand?post=163110"},{"taxonomy":"product_cat","embeddable":true,"href":"https:\/\/freeseedsonline.com\/es\/wp-json\/wp\/v2\/product_cat?post=163110"},{"taxonomy":"product_tag","embeddable":true,"href":"https:\/\/freeseedsonline.com\/es\/wp-json\/wp\/v2\/product_tag?post=163110"}],"curies":[{"name":"wp","href":"https:\/\/api.w.org\/{rel}","templated":true}]}}