{"id":163058,"date":"2026-02-13T19:56:56","date_gmt":"2026-02-13T19:56:56","guid":{"rendered":"https:\/\/freeseedsonline.com\/?p=163058"},"modified":"2026-02-13T19:56:56","modified_gmt":"2026-02-13T19:56:56","slug":"paquete-de-10-semillas-de-cannabis-amnesia-white","status":"publish","type":"product","link":"https:\/\/freeseedsonline.com\/es\/productos\/paquete-de-10-semillas-de-cannabis-amnesia-white\/","title":{"rendered":"Paquete de 10 semillas de cannabis Amnesia White"},"content":{"rendered":"<h2>Paquete de 10 semillas de Amnesia White<\/h2>\n<p>El paquete de 10 semillas de Amnesia White es una variedad predominantemente Sativa. Se trata de una nueva variante del conocido h\u00edbrido Haze, que goza de gran prestigio. La Haze est\u00e1ndar es famosa por su potente subid\u00f3n, su gran tama\u00f1o, su largo per\u00edodo de floraci\u00f3n y su rendimiento relativamente alto. Esta nueva Amnesia White conserva el intenso subid\u00f3n de la Haze, pero tiene un tiempo de floraci\u00f3n m\u00e1s r\u00e1pido, de 10 a 12 semanas, produce m\u00e1s resina y ofrece un mayor rendimiento gracias a los genes Afghani. Amnesia White desarrolla cogollos compactos con abundante resina. Su tama\u00f1o tambi\u00e9n se ha reducido considerablemente y puede limitarse a\u00fan m\u00e1s al inducir la floraci\u00f3n con un corto per\u00edodo de precrecimiento.<\/p>\n<h3 align=\"LEFT\">Ventajas de Amnesia White<\/h3>\n<div>El tiempo de floraci\u00f3n normal de Amnesia suele ser de 14 a 16 semanas, mientras que con Amnesia White se reduce a solo 10 a 12 semanas, lo que te permite ahorrar bastante tiempo.<\/div>\n<div>Amnesia White se utiliza ampliamente para la producci\u00f3n de BHO con fines medicinales.<\/div>\n","protected":false},"excerpt":{"rendered":"<p><span style=\"font-size: 115%;\"><strong>Paquete de 10<\/strong><\/span><\/p>\n<p><strong><span style=\"color: #00a859;\">G\u00e9nero:<\/span><\/strong> Feminizadas<\/p>\n<p><span style=\"color: #00a859;\"><strong>THC:<\/strong><\/span> <strong>19%<\/strong><\/p>\n<p><span style=\"color: #00a859;\"><strong>Tipo:<\/strong><\/span> 85% <strong>Sativa<\/strong> 15% <strong>Indica<\/strong><\/p>\n<p><span style=\"color: #00a859;\"><strong>Altura promedio en interior:<\/strong><\/span> 1.10-1.50 cm<\/p>\n<p><span style=\"color: #00a859;\"><strong>Altura promedio en exterior:<\/strong> <\/span> 1.40-1.80 cm<\/p>\n<p><span style=\"color: #00a859;\"><strong>Rendimiento promedio en interior hasta:<\/strong><\/span> 500 gramos\/m2<\/p>\n<p><strong><span style=\"color: #00a859;\">Rendimiento promedio en exterior:<\/span><\/strong> 350 gramos por planta<\/p>\n<p><span style=\"color: #00a859;\"><strong>Per\u00edodo de floraci\u00f3n en interior:<\/strong><\/span> 10 a 12 semanas<\/p>\n<p><span style=\"color: #50b848;\"><strong>Per\u00edodo de floraci\u00f3n en exterior:<\/strong><\/span> septiembre\/octubre<\/p>\n<p>&nbsp;<\/p>\n<p>\u00a1ATENCI\u00d3N! \u00a1No se incluyen semillas gratis adicionales!<\/p>\n<p>&nbsp;<\/p>\n","protected":false},"featured_media":192698,"comment_status":"closed","ping_status":"closed","template":"","meta":[],"product_brand":[],"product_cat":[861,846,795,757,783],"product_tag":[],"class_list":{"0":"post-163058","1":"product","2":"type-product","3":"status-publish","4":"has-post-thumbnail","6":"product_cat-10-paquete","7":"product_cat-semillas-de-cannabis-en-oferta","8":"product_cat-semillas-de-marihuana-feminizadas","9":"product_cat-todas-las-variedades","10":"product_cat-variedades-para-principiantes","12":"first","13":"instock","14":"taxable","15":"shipping-taxable","16":"purchasable","17":"product-type-simple"},"_links":{"self":[{"href":"https:\/\/freeseedsonline.com\/es\/wp-json\/wp\/v2\/product\/163058","targetHints":{"allow":["GET"]}}],"collection":[{"href":"https:\/\/freeseedsonline.com\/es\/wp-json\/wp\/v2\/product"}],"about":[{"href":"https:\/\/freeseedsonline.com\/es\/wp-json\/wp\/v2\/types\/product"}],"replies":[{"embeddable":true,"href":"https:\/\/freeseedsonline.com\/es\/wp-json\/wp\/v2\/comments?post=163058"}],"wp:featuredmedia":[{"embeddable":true,"href":"https:\/\/freeseedsonline.com\/es\/wp-json\/wp\/v2\/media\/192698"}],"wp:attachment":[{"href":"https:\/\/freeseedsonline.com\/es\/wp-json\/wp\/v2\/media?parent=163058"}],"wp:term":[{"taxonomy":"product_brand","embeddable":true,"href":"https:\/\/freeseedsonline.com\/es\/wp-json\/wp\/v2\/product_brand?post=163058"},{"taxonomy":"product_cat","embeddable":true,"href":"https:\/\/freeseedsonline.com\/es\/wp-json\/wp\/v2\/product_cat?post=163058"},{"taxonomy":"product_tag","embeddable":true,"href":"https:\/\/freeseedsonline.com\/es\/wp-json\/wp\/v2\/product_tag?post=163058"}],"curies":[{"name":"wp","href":"https:\/\/api.w.org\/{rel}","templated":true}]}}