{"id":162259,"date":"2026-02-12T22:10:41","date_gmt":"2026-02-12T22:10:41","guid":{"rendered":"https:\/\/freeseedsonline.com\/?p=162259"},"modified":"2026-02-12T22:10:41","modified_gmt":"2026-02-12T22:10:41","slug":"purple-haze-cannabis-samen-25-pack","status":"publish","type":"product","link":"https:\/\/freeseedsonline.com\/de\/produkte\/purple-haze-cannabis-samen-25-pack\/","title":{"rendered":"Purple Haze Cannabis Samen 25 PACK"},"content":{"rendered":"<div class=\"wc-tab-inner wd-entry-content\">\n<h2>Feminisierte Purple Haze Cannabis Samen<\/h2>\n<p align=\"LEFT\">Feminisierte Purple Haze Cannabis Samen entwickeln kr\u00e4ftige Hybride, die die charakteristischen Haze-Eigenschaften voll und ganz in sich tragen. Ein starkes, aufsteigendes Haze-High, kombiniert mit einer dicken Harzproduktion der Indica.<\/p>\n<h3 align=\"LEFT\">Gr\u00f6\u00dfe der Cannabis-Pflanze<\/h3>\n<p align=\"LEFT\">Purple Haze Cannabis-Pflanzen erreichen eine nicht allzu gro\u00dfe H\u00f6he von etwa 120 cm indoors und 160 cm outdoors. Sie entwickeln kompakte, lang gedrehte Buds mit vielen klebrigen Trichomen.<\/p>\n<p align=\"LEFT\"><a class=\"wpil_keyword_link\" href=\"https:\/\/freeseedsonline.com\/producten\/purple-haze-wietzaden\/\" title=\"Purple Haze Cannabis\" data-wpil-keyword-link=\"linked\">Purple Haze Cannabis<\/a> Samen werden zu Pflanzen, die dunkler sind als die meisten Sativa-Sorten. Wenn die Purple Haze Cannabis-Pflanzen das Ende der Bl\u00fctezeit erreichen, k\u00f6nnen sie niedrigen Temperaturen ausgesetzt sein. Ihre Bl\u00e4tter und Bl\u00fctenkelche k\u00f6nnen ihre Farbe von Dunkelgr\u00fcn zu Lavendel oder einem violetten Ton \u00e4ndern.<br \/> Die <a href=\"https:\/\/freeseedsonline.com\/purple-haze-wietzaden\/\">Purple Haze<\/a> hat w\u00e4hrend der Wachstumsphase einen milden Duft, der jedoch viel intensiver wird, wenn die Buds geerntet und getrocknet sind.<\/p>\n<h2><strong>Purple Haze Cannabis Samen<\/strong><\/h2>\n<p>Bist du ein gro\u00dfer Fan von Purple Haze Cannabis Samen? Bestelle deine Cannabis Samen dann bei Free Seeds Online. Du erh\u00e4ltst hochwertige Cannabis Samen, ohne daf\u00fcr viel bezahlen zu m\ufffd\ufffdssen. Au\u00dferdem wird deine Bestellung bei Free Seeds Online immer innerhalb von 1 bis 3 Werktagen zu dir nach Hause geliefert.<\/p>\n<p>&nbsp;<\/p>\n<h3><strong><em>Purple Haze Cannabis Samen: eine kurze Einf\u00fchrung<\/em><\/strong><\/h3>\n<p>Purple Haze kam in den 1970er Jahren nach Nederland und wurde sofort sehr beliebt. In den meisten Coffeeshops ist die Purple Haze Cannabis-Sorte sogar eine der meistverkauften Sorten im Sortiment. Wenn du Purple Haze Cannabis Samen bestellst, kannst du diese Sorte selbst anbauen. Die Pflanze liefert im Allgemeinen eine gute Ernte, ist jedoch etwas schwieriger zu kultivieren als andere Cannabis-Sorten. Wir empfehlen dir, diese Cannabis Samen zu bestellen, wenn du Erfahrung im Anbau hast, dir Zeit daf\u00fcr nehmen m\u00f6chtest und die Sorte drau\u00dfen anbauen kannst.<\/p>\n<p>&nbsp;<\/p>\n<h4><strong><em>Die Eigenschaften der Purple Haze Cannabis Samen<\/em><\/strong><\/h4>\n<p>Um dir ein klares Bild von Purple Haze zu geben, listen wir einige wichtige Eigenschaften der Purple Haze Cannabis Samen auf:<\/p>\n<ul>\n<li>Die Cannabis Samen liefern indoors etwa 400 Gramm pro Quadratmeter.<\/li>\n<li>Die Cannabis Samen liefern outdoors etwa 300 Gramm pro Pflanze.<\/li>\n<li>Purple Haze enth\u00e4lt viel THC (22 Prozent) und hat ein starkes High.<\/li>\n<li>Purple Haze hat einen angenehmen, intensiven Duft.<\/li>\n<li>Die Sorte hat ein enormes Sativa-High.<\/li>\n<li>Die Sorte hat einen s\u00fc\u00dfen, beerigen Geschmack.<\/li>\n<\/ul>\n<p>&nbsp;<\/p>\n<p>Eine hochwertige Sorte, die definitiv den Aufwand lohnt, sie selbst anzubauen.<\/p>\n<p>&nbsp;<\/p>\n<h5><strong><em>Purple Haze Cannabis Samen kaufen<\/em><\/strong><\/h5>\n<p>Free Seeds Online bietet hochwertige und g\u00fcnstige Purple Haze Cannabis Samen an. Wenn du deine Cannabis Samen in unserem Online-Shop bestellst, kannst du einfach und schnell mit einer Zahlungsmethode deiner Wahl bezahlen. Au\u00dferdem garantieren wir, dass du deine Cannabis Samen innerhalb von 1 bis 3 Werktagen zu Hause hast, mit einer diskreten Lieferung in einem neutralen Umschlag.<\/p>\n<p>[ux_products cat=&#8221;35&#8243;]<\/p>\n<\/p><\/div>\n","protected":false},"excerpt":{"rendered":"<p><span style=\"color: #50b848;\"><strong>Anzahl:<\/strong><\/span> 25 Samen<span style=\"color: #ed1c24;\">(hierbei keine kostenlosen Samen)<\/span><\/p>\n<p><strong><span style=\"color: #00a859;\">Geschlecht:<\/span><\/strong> Feminisiert<\/p>\n<p><span style=\"color: #00a859;\"><strong>THC:<\/strong><\/span> <strong>19%<\/strong><\/p>\n<p><span style=\"color: #00a859;\"><strong>Typ:<\/strong><\/span> 75% <strong>Sativa<\/strong> 25% <strong>Indica<\/strong><\/p>\n<p><span style=\"color: #00a859;\"><strong>Durchschnittliche H\u00f6he innen:<\/strong><\/span> 0.80-120 cm<\/p>\n<p><span style=\"color: #00a859;\"><strong>Durchschnittliche H\u00f6he au\u00dfen:<\/strong> <\/span> 140-160 cm<\/p>\n<p><span style=\"color: #00a859;\"><strong>Durchschnittlicher Ertrag innen bis:<\/strong><\/span> 450 Gramm\/m2<\/p>\n<p><strong><span style=\"color: #00a859;\">Durchschnittlicher Ertrag au\u00dfen:<\/span><\/strong> pro Pflanze 400 Gramm<\/p>\n<p><span style=\"color: #00a859;\"><strong>Bl\u00fctezeit innen:<\/strong><\/span> 8 bis 9 Wochen<\/p>\n<p><span style=\"color: #50b848;\"><strong>Bl\u00fctezeit au\u00dfen:<\/strong><\/span> September\/Oktober<\/p>\n<p>&nbsp;<\/p>\n","protected":false},"featured_media":192305,"comment_status":"closed","ping_status":"closed","template":"","meta":[],"product_brand":[],"product_cat":[319,325,329,331,330,351,320,321,322,323,324,326,327,328],"product_tag":[],"class_list":{"0":"post-162259","1":"product","2":"type-product","3":"status-publish","4":"has-post-thumbnail","6":"product_cat-alle-sorten","7":"product_cat-anfaenger-sorten","8":"product_cat-cannabis-samen-fuer-anfaenger","9":"product_cat-cannabis-samen-fuer-draussen","10":"product_cat-cannabis-samen-fuer-drinnen","11":"product_cat-cannabis-samen-in-grossen-mengen-kaufen","12":"product_cat-fso-samen","13":"product_cat-guenstige-cannabis-samen","14":"product_cat-haze-cannabis-samen","15":"product_cat-hoher-ertrag","16":"product_cat-hoher-thc-gehalt","17":"product_cat-reine-sativa","18":"product_cat-schnell-erntebereit","19":"product_cat-weibliche-cannabis-samen","21":"first","22":"instock","23":"taxable","24":"shipping-taxable","25":"purchasable","26":"product-type-simple"},"_links":{"self":[{"href":"https:\/\/freeseedsonline.com\/de\/wp-json\/wp\/v2\/product\/162259","targetHints":{"allow":["GET"]}}],"collection":[{"href":"https:\/\/freeseedsonline.com\/de\/wp-json\/wp\/v2\/product"}],"about":[{"href":"https:\/\/freeseedsonline.com\/de\/wp-json\/wp\/v2\/types\/product"}],"replies":[{"embeddable":true,"href":"https:\/\/freeseedsonline.com\/de\/wp-json\/wp\/v2\/comments?post=162259"}],"wp:featuredmedia":[{"embeddable":true,"href":"https:\/\/freeseedsonline.com\/de\/wp-json\/wp\/v2\/media\/192305"}],"wp:attachment":[{"href":"https:\/\/freeseedsonline.com\/de\/wp-json\/wp\/v2\/media?parent=162259"}],"wp:term":[{"taxonomy":"product_brand","embeddable":true,"href":"https:\/\/freeseedsonline.com\/de\/wp-json\/wp\/v2\/product_brand?post=162259"},{"taxonomy":"product_cat","embeddable":true,"href":"https:\/\/freeseedsonline.com\/de\/wp-json\/wp\/v2\/product_cat?post=162259"},{"taxonomy":"product_tag","embeddable":true,"href":"https:\/\/freeseedsonline.com\/de\/wp-json\/wp\/v2\/product_tag?post=162259"}],"curies":[{"name":"wp","href":"https:\/\/api.w.org\/{rel}","templated":true}]}}