{"id":162242,"date":"2024-11-07T20:14:22","date_gmt":"2024-11-07T20:14:22","guid":{"rendered":"https:\/\/freeseedsonline.com\/?p=162242"},"modified":"2026-02-19T15:20:12","modified_gmt":"2026-02-19T14:20:12","slug":"pick-the-mix-12-euro-normalerweise-5","status":"publish","type":"product","link":"https:\/\/freeseedsonline.com\/de\/produkte\/pick-the-mix-12-euro-normalerweise-5\/","title":{"rendered":"PICK THE MIX 12 EURO NORMALERWEISE 5"},"content":{"rendered":"<h2>Pick the Mix Normal 5 Samen<\/h2>\n<p>Sp\u00fcre die Spannung des Unbekannten mit diesem Pick the Mix! Es sind genau <strong>5 normale feminisierte Cannabissamen<\/strong> (keine Autoflowers), die neben die Maschine geraten oder falsch verpackt wurden. Wir verraten nichts \u00fcber die Sorten &#8211; genau das macht es so spannend.<\/p>\n<p>Ehrlich und einfach: einfach diese 5 Samen f\u00fcr kleines Geld. Ideal, um zu experimentieren, ohne die Brieftasche zu belasten.<\/p>\n","protected":false},"excerpt":{"rendered":"<p>Pick the Mix Normal mit genau 5 feminisierten Cannabissamen, keine Autoflowers. Diese Samen sind zuf\u00e4llig aus der Verpackungslinie gefallen, daher bleibt es ein R\u00e4tsel, welche Sorten es sind. Tolle Budget-Option f\u00fcr abenteuerlustige Grower!<\/p>\n","protected":false},"featured_media":165749,"comment_status":"open","ping_status":"closed","template":"","meta":[],"product_brand":[],"product_cat":[344,319,341,352],"product_tag":[],"class_list":{"0":"post-162242","1":"product","2":"type-product","3":"status-publish","4":"has-post-thumbnail","6":"product_cat-10er-pack","7":"product_cat-alle-sorten","8":"product_cat-cannabis-samen-im-angebot","9":"product_cat-waehle-den-mix","11":"first","12":"instock","13":"taxable","14":"shipping-taxable","15":"purchasable","16":"product-type-simple"},"_links":{"self":[{"href":"https:\/\/freeseedsonline.com\/de\/wp-json\/wp\/v2\/product\/162242","targetHints":{"allow":["GET"]}}],"collection":[{"href":"https:\/\/freeseedsonline.com\/de\/wp-json\/wp\/v2\/product"}],"about":[{"href":"https:\/\/freeseedsonline.com\/de\/wp-json\/wp\/v2\/types\/product"}],"replies":[{"embeddable":true,"href":"https:\/\/freeseedsonline.com\/de\/wp-json\/wp\/v2\/comments?post=162242"}],"wp:featuredmedia":[{"embeddable":true,"href":"https:\/\/freeseedsonline.com\/de\/wp-json\/wp\/v2\/media\/165749"}],"wp:attachment":[{"href":"https:\/\/freeseedsonline.com\/de\/wp-json\/wp\/v2\/media?parent=162242"}],"wp:term":[{"taxonomy":"product_brand","embeddable":true,"href":"https:\/\/freeseedsonline.com\/de\/wp-json\/wp\/v2\/product_brand?post=162242"},{"taxonomy":"product_cat","embeddable":true,"href":"https:\/\/freeseedsonline.com\/de\/wp-json\/wp\/v2\/product_cat?post=162242"},{"taxonomy":"product_tag","embeddable":true,"href":"https:\/\/freeseedsonline.com\/de\/wp-json\/wp\/v2\/product_tag?post=162242"}],"curies":[{"name":"wp","href":"https:\/\/api.w.org\/{rel}","templated":true}]}}