{"id":162228,"date":"2026-02-12T21:45:45","date_gmt":"2026-02-12T21:45:45","guid":{"rendered":"https:\/\/freeseedsonline.com\/?p=162228"},"modified":"2026-02-12T21:45:45","modified_gmt":"2026-02-12T21:45:45","slug":"25-bubble-kush-cannabis-samen-bulk-cannabis-samen","status":"publish","type":"product","link":"https:\/\/freeseedsonline.com\/de\/produkte\/25-bubble-kush-cannabis-samen-bulk-cannabis-samen\/","title":{"rendered":"25 Bubble Kush Cannabis Samen Bulk Cannabis Samen"},"content":{"rendered":"<h2>Bubble Kush<\/h2>\n<p>Bubble Kush von Royal Queen Seeds ist in einer Gro\u00dfpackung mit 25 Samen erh\u00e4ltlich. Diese Samen sind ideal f\u00fcr Z\u00fcchter, die nach der besten Bubble Kush-Sorte zum besten Preis suchen. Bubble Kush ist eine hybride Cannabissorte, die stark von Indica-Genen beeinflusst wird. Bubble Kush hat einen einzigartigen Bubblegum-Geschmack und -Duft, was diese Cannabissorte bei Cannabisliebhabern sehr beliebt macht. Bubble Kush sorgt f\u00fcr ein beruhigendes und entspannendes High, was sie zur perfekten Cannabissorte f\u00fcr den Gebrauch am Ende des Tages oder abends macht. Bubble Kush Gro\u00dfpackungssamen sind f\u00fcr 130 Euro erh\u00e4ltlich. Bubble Kush RQS Samen sind auch in einer Einzelpackung mit 3 oder 5 Samen erh\u00e4ltlich.<\/p>\n<h1>Bubble Kush Gro\u00dfpackungssamen<\/h1>\n<p>Bubble Kush RQS Samen Bubble Kush Cannabissamen Bubble Kush von Royal Queen Seeds ist in einer Gro\u00dfpackung mit 25 Samen erh\u00e4ltlich. Diese Samen sind ideal f\u00fcr Z\u00fcchter, die nach der besten Bubble Kush-Sorte zum besten Preis suchen. Bubble Kush ist eine hybride Cannabissorte, die stark von Indica-Genen beeinflusst wird. Bubble Kush hat einen einzigartigen Bubblegum-Geschmack und -Duft, was diese Cannabissorte bei Cannabisliebhabern sehr beliebt macht. <a href=\"https:\/\/freeseedsonline.com\/de\/produkte\/bubble-kush-cannabis-samen\">Bubble Kush<\/a> sorgt f\u00fcr ein beruhigendes und entspannendes High, was sie zur perfekten Cannabissorte f\u00fcr den Gebrauch am Ende des Tages oder abends macht.<\/p>\n","protected":false},"excerpt":{"rendered":"<p><strong><span style=\"color: #00a859;\">Geschlecht:<\/span><\/strong> Feminisiert<\/p>\n<p><span style=\"color: #00a859;\"><strong>THC:<\/strong><\/span> <strong>19%<\/strong><\/p>\n<p><span style=\"color: #50b848;\"><strong>CBD:<\/strong><\/span> Niedrig<\/p>\n<p><span style=\"color: #00a859;\"><strong>Typ:<\/strong><\/span> 20% <strong>Sativa<\/strong> 80% <strong>Indica<\/strong><\/p>\n<p><span class=\"feture-value\"><span style=\"color: #00a859;\"><strong>Kreuzung: <\/strong><\/span>Bubble Gum x O.G. Kush<\/span><\/p>\n<p><span style=\"color: #00a859;\"><strong>Durchschnittliche H\u00f6he innen:<\/strong><\/span> <span class=\"feture-value\">80 &#8211; 140 cm<\/span><\/p>\n<p><span style=\"color: #00a859;\"><strong>Durchschnittliche H\u00f6he au\u00dfen: <\/strong><\/span><span class=\"feture-value\">160 &#8211; 200 cm<\/span><\/p>\n<p><span style=\"color: #00a859;\"><strong>Durchschnittlicher Ertrag innen bis:<\/strong><\/span> <span class=\"feture-value\">550 &#8211; 600 gr\/m2<\/span><\/p>\n<p><strong><span style=\"color: #00a859;\">Durchschnittlicher Ertrag au\u00dfen: <\/span><\/strong><span class=\"feture-value\">600-650 gr\/Pflanze<\/span><\/p>\n<p><span style=\"color: #00a859;\"><strong>Bl\u00fctezeit innen:<\/strong><\/span> 7 bis 8 Wochen<\/p>\n<p><span style=\"color: #50b848;\"><strong>Bl\u00fctezeit au\u00dfen:<\/strong><\/span> <span class=\"feture-value\">September<\/span><\/p>\n<p><span style=\"color: #00a859;\"><span style=\"font-weight: bold; color: #00a859;\">Geschmack: <\/span><\/span><span class=\"feture-value\">Erdig, S\u00fc\u00df, Holzartig<\/span><\/p>\n<p><span style=\"color: #50b848;\"><strong>Effekt:<\/strong><\/span> <span class=\"feture-value\">Stoned, k\u00f6rperlich und mental<\/span><\/p>\n<p>&nbsp;<\/p>\n<h3>Achtung: Dies ist ein 25er-Pack Cannabis Samen (dabei gibt es keine kostenlosen Cannabis Samen)<\/h3>\n","protected":false},"featured_media":193010,"comment_status":"closed","ping_status":"closed","template":"","meta":[],"product_brand":[],"product_cat":[319,325,329,331,330,351,323,324,338,335,347,327,337,328],"product_tag":[],"class_list":{"0":"post-162228","1":"product","2":"type-product","3":"status-publish","4":"has-post-thumbnail","6":"product_cat-alle-sorten","7":"product_cat-anfaenger-sorten","8":"product_cat-cannabis-samen-fuer-anfaenger","9":"product_cat-cannabis-samen-fuer-draussen","10":"product_cat-cannabis-samen-fuer-drinnen","11":"product_cat-cannabis-samen-in-grossen-mengen-kaufen","12":"product_cat-hoher-ertrag","13":"product_cat-hoher-thc-gehalt","14":"product_cat-kush-cannabis-samen","15":"product_cat-meistverkaufte-cannabis-samen","16":"product_cat-royal-queen-seeds","17":"product_cat-schnell-erntebereit","18":"product_cat-scrog-anbau","19":"product_cat-weibliche-cannabis-samen","21":"first","22":"instock","23":"taxable","24":"shipping-taxable","25":"purchasable","26":"product-type-simple"},"_links":{"self":[{"href":"https:\/\/freeseedsonline.com\/de\/wp-json\/wp\/v2\/product\/162228","targetHints":{"allow":["GET"]}}],"collection":[{"href":"https:\/\/freeseedsonline.com\/de\/wp-json\/wp\/v2\/product"}],"about":[{"href":"https:\/\/freeseedsonline.com\/de\/wp-json\/wp\/v2\/types\/product"}],"replies":[{"embeddable":true,"href":"https:\/\/freeseedsonline.com\/de\/wp-json\/wp\/v2\/comments?post=162228"}],"wp:featuredmedia":[{"embeddable":true,"href":"https:\/\/freeseedsonline.com\/de\/wp-json\/wp\/v2\/media\/193010"}],"wp:attachment":[{"href":"https:\/\/freeseedsonline.com\/de\/wp-json\/wp\/v2\/media?parent=162228"}],"wp:term":[{"taxonomy":"product_brand","embeddable":true,"href":"https:\/\/freeseedsonline.com\/de\/wp-json\/wp\/v2\/product_brand?post=162228"},{"taxonomy":"product_cat","embeddable":true,"href":"https:\/\/freeseedsonline.com\/de\/wp-json\/wp\/v2\/product_cat?post=162228"},{"taxonomy":"product_tag","embeddable":true,"href":"https:\/\/freeseedsonline.com\/de\/wp-json\/wp\/v2\/product_tag?post=162228"}],"curies":[{"name":"wp","href":"https:\/\/api.w.org\/{rel}","templated":true}]}}