{"id":162178,"date":"2026-02-12T20:49:51","date_gmt":"2026-02-12T20:49:51","guid":{"rendered":"https:\/\/freeseedsonline.com\/?p=162178"},"modified":"2026-02-12T20:49:51","modified_gmt":"2026-02-12T20:49:51","slug":"blueberry-autoflower-cannabis-samen-10-pack","status":"publish","type":"product","link":"https:\/\/freeseedsonline.com\/de\/produkte\/blueberry-autoflower-cannabis-samen-10-pack\/","title":{"rendered":"Blueberry Autoflower Cannabis Samen 10 PACK"},"content":{"rendered":"<h2>Blueberry Autoflower Cannabissamen 10er PACK<\/h2>\n<p>&nbsp;<\/p>\n<p>Blueberry Cannabissamen 10er Pack k\u00f6nnen Sie f\u00fcr nur 34,95 bestellen. Die Cannabissamen sind in Packungen zu 10 St\u00fcck verpackt und z\u00e4hlen nicht zu den kostenlosen Samen.<\/p>\n<h3>Die vollst\u00e4ndige Beschreibung finden Sie \u00fcber den untenstehenden Link<\/h3>\n<ul>\n<li><a href=\"https:\/\/freeseedsonline.com\/de\/produkte\/blueberry-autoflower-cannabis-samen\">Blueberry Samen Beschreibung<\/a><\/li>\n<\/ul>\n","protected":false},"excerpt":{"rendered":"<p><strong><span style=\"color: #00a859;\">Geschlecht:<\/span><\/strong> Weibliche Autoflower<\/p>\n<p><span style=\"color: #00a859;\"><strong>THC:<\/strong><\/span> <strong>14%<\/strong><\/p>\n<p><span style=\"color: #00a859;\"><strong>Typ:<\/strong><\/span> <strong>Indica <\/strong>\/ <strong>Ruderalis<\/strong><\/p>\n<p><span style=\"color: #00a859;\"><strong>Durchschnittliche H\u00f6he innen:<\/strong><\/span> 0.60-0.80 cm<\/p>\n<p><span style=\"color: #00a859;\"><strong>Durchschnittliche H\u00f6he au\u00dfen:<\/strong> <\/span> 1.00-1.10 cm<\/p>\n<p><span style=\"color: #00a859;\"><strong>Durchschnittlicher Ertrag innen bis:<\/strong><\/span> 450 Gramm\/m2<\/p>\n<p><strong><span style=\"color: #00a859;\">Durchschnittlicher Ertrag au\u00dfen:<\/span><\/strong> 130 bis 180 Gramm pro Pflanze<\/p>\n<p><span style=\"color: #00a859;\"><strong>Bl\u00fctezeit innen:<\/strong><\/span> 8 bis 9 Wochen<\/p>\n<p><span style=\"color: #50b848;\"><strong>Bl\u00fctezeit au\u00dfen:<\/strong><\/span> 8 bis 9 Wochen<\/p>\n<p>&nbsp;<\/p>\n<p>Achtung, hier gibt es keine kostenlosen Samen dazu!<\/p>\n","protected":false},"featured_media":192355,"comment_status":"closed","ping_status":"closed","template":"","meta":[],"product_brand":[],"product_cat":[344,341],"product_tag":[],"class_list":{"0":"post-162178","1":"product","2":"type-product","3":"status-publish","4":"has-post-thumbnail","6":"product_cat-10er-pack","7":"product_cat-cannabis-samen-im-angebot","9":"first","10":"instock","11":"taxable","12":"shipping-taxable","13":"purchasable","14":"product-type-simple"},"_links":{"self":[{"href":"https:\/\/freeseedsonline.com\/de\/wp-json\/wp\/v2\/product\/162178","targetHints":{"allow":["GET"]}}],"collection":[{"href":"https:\/\/freeseedsonline.com\/de\/wp-json\/wp\/v2\/product"}],"about":[{"href":"https:\/\/freeseedsonline.com\/de\/wp-json\/wp\/v2\/types\/product"}],"replies":[{"embeddable":true,"href":"https:\/\/freeseedsonline.com\/de\/wp-json\/wp\/v2\/comments?post=162178"}],"wp:featuredmedia":[{"embeddable":true,"href":"https:\/\/freeseedsonline.com\/de\/wp-json\/wp\/v2\/media\/192355"}],"wp:attachment":[{"href":"https:\/\/freeseedsonline.com\/de\/wp-json\/wp\/v2\/media?parent=162178"}],"wp:term":[{"taxonomy":"product_brand","embeddable":true,"href":"https:\/\/freeseedsonline.com\/de\/wp-json\/wp\/v2\/product_brand?post=162178"},{"taxonomy":"product_cat","embeddable":true,"href":"https:\/\/freeseedsonline.com\/de\/wp-json\/wp\/v2\/product_cat?post=162178"},{"taxonomy":"product_tag","embeddable":true,"href":"https:\/\/freeseedsonline.com\/de\/wp-json\/wp\/v2\/product_tag?post=162178"}],"curies":[{"name":"wp","href":"https:\/\/api.w.org\/{rel}","templated":true}]}}