{"id":162177,"date":"2026-02-12T20:49:31","date_gmt":"2026-02-12T20:49:31","guid":{"rendered":"https:\/\/freeseedsonline.com\/?p=162177"},"modified":"2026-02-12T20:49:31","modified_gmt":"2026-02-12T20:49:31","slug":"white-moscow-autoflower-10er-pack","status":"publish","type":"product","link":"https:\/\/freeseedsonline.com\/de\/produkte\/white-moscow-autoflower-10er-pack\/","title":{"rendered":"White Moscow Autoflower 10er Pack"},"content":{"rendered":"<h2><strong>White Moscow Autoflower<\/strong><\/h2>\n<p>Die White Moscow Autoflower ist eine Cannabissorte, die durch die Kreuzung von Lowryder #2 und White Russian entwickelt wurde. Die daraus resultierenden Cannabis-Pflanzen haben eine Mischung aus Sativa- und Indica-Genetik. Die Samen liefern gute Ergebnisse beim Indoor-Anbau, k\u00f6nnen aber auch im Freien oder in einem Gew\u00e4chshaus angebaut werden. Es ist jedoch wichtig, f\u00fcr eine gute Bel\u00fcftung zu sorgen, wenn man die White Moscow Autoflower anbaut, da diese Cannabissorte einen ziemlich starken Geruch verursacht.<\/p>\n<p>&nbsp;<\/p>\n<h3><strong><em>Die wichtigsten Eigenschaften der Cannabis Samen<\/em><\/strong><\/h3>\n<p>Um Ihnen einen klaren \u00dcberblick \u00fcber die Cannabissorte White Moscow Autoflower zu geben, listen wir gerne einige wichtige Eigenschaften dieser Cannabis Samen auf:<\/p>\n<ul>\n<li>Die White Moscow Autoflower ist einfach anzubauen.<\/li>\n<li>Die Cannabissorte hat einen hohen CBD-Gehalt.<\/li>\n<li>Die Cannabissorte kann drinnen, aber auch drau\u00dfen oder in einem Gew\u00e4chshaus angebaut werden.<\/li>\n<li>Die Cannabis-Pflanze kann etwa 50 bis 100 Zentimeter hoch werden.<\/li>\n<li>Die beliebte Cannabissorte enth\u00e4lt sowohl Sativa- als auch Indica-Genetik.<\/li>\n<\/ul>\n<p>&nbsp;<\/p>\n<p>Es handelt sich um eine 50\/50 Sativa\/Indica der Sorte Feminised Autoflower. Die Bl\u00fctezeit der Pflanze betr\u00e4gt etwa acht bis neun Wochen, und es dauert neun bis zehn Wochen, bis Sie Ihre Samen ernten k\u00f6nnen. Im Freien ernten Sie die Cannabis Samen in den Monaten Mai bis August.<\/p>\n<p>M\u00f6chten Sie die Cannabis Samen einzeln bestellen, ist das nat\u00fcrlich auch \u00fcber diesen Link m\u00f6glich:<\/p>\n<blockquote class=\"wp-embedded-content\" data-secret=\"k4tA3AAOFq\"><p><a href=\"https:\/\/freeseedsonline.com\/de\/produkte\/white-moscow-autoflower\/\">White Moscow Autoflower<\/a><\/p><\/blockquote>\n<p><iframe loading=\"lazy\" class=\"wp-embedded-content\" sandbox=\"allow-scripts\" security=\"restricted\" style=\"position: absolute; visibility: hidden;\" title=\"&#8222;White Moscow Autoflower&#8220; &#8211; Cannabis Samen kaufen - F\u00fcr drau\u00dfen oder drinnen | 4 KAUFEN, 3 ZAHLEN\" src=\"https:\/\/freeseedsonline.com\/de\/produkte\/white-moscow-autoflower\/embed\/#?secret=ZJ6dmTELXi#?secret=k4tA3AAOFq\" data-secret=\"k4tA3AAOFq\" width=\"500\" height=\"282\" frameborder=\"0\" marginwidth=\"0\" marginheight=\"0\" scrolling=\"no\"><\/iframe><\/p>\n<p>&nbsp;<\/p>\n","protected":false},"excerpt":{"rendered":"<p><strong><span style=\"color: #00a859;\">Geschlecht:<\/span><\/strong> Weibliche Autoflower<\/p>\n<p><span style=\"color: #00a859;\"><strong>THC:<\/strong><\/span> <strong>14%<\/strong><\/p>\n<p><span style=\"color: #50b848;\"><strong>CBD:<\/strong><\/span> Hoch<\/p>\n<p><span style=\"color: #00a859;\"><strong>Typ:<\/strong><\/span> <strong>Indica \/ Sativa<\/strong><\/p>\n<p><span style=\"color: #00a859;\"><strong>Durchschnittliche H\u00f6he innen:<\/strong><\/span> 50 cm bis 100 cm<\/p>\n<p><span style=\"color: #00a859;\"><strong>Durchschnittliche H\u00f6he au\u00dfen:<\/strong> <\/span> 80 cm bis 100 cm<\/p>\n<p><span style=\"color: #00a859;\"><strong>Durchschnittlicher Ertrag innen bis:<\/strong><\/span> 500 Gramm\/m\u00b2<\/p>\n<p><strong><span style=\"color: #00a859;\">Durchschnittlicher Ertrag au\u00dfen:<\/span><\/strong> 80 g bis 120 g<\/p>\n<p><span style=\"color: #00a859;\"><strong>Bl\u00fctezeit innen:<\/strong><\/span> 9 bis 10 Wochen<\/p>\n<p><span style=\"color: #50b848;\"><strong>Bl\u00fctezeit au\u00dfen:<\/strong><\/span> 9 bis 10 Wochen<\/p>\n<p><span style=\"font-size: 14.4px;\"><br \/>\nACHTUNG! Hierbei erh\u00e4ltst du keine kostenlosen Cannabis Samen.<\/span><\/p>\n","protected":false},"featured_media":192730,"comment_status":"closed","ping_status":"closed","template":"","meta":[],"product_brand":[],"product_cat":[344,319,325,329,331,330,341,339,328],"product_tag":[],"class_list":{"0":"post-162177","1":"product","2":"type-product","3":"status-publish","4":"has-post-thumbnail","6":"product_cat-10er-pack","7":"product_cat-alle-sorten","8":"product_cat-anfaenger-sorten","9":"product_cat-cannabis-samen-fuer-anfaenger","10":"product_cat-cannabis-samen-fuer-draussen","11":"product_cat-cannabis-samen-fuer-drinnen","12":"product_cat-cannabis-samen-im-angebot","13":"product_cat-cannabis-samen-mit-hohem-cbd-gehalt","14":"product_cat-weibliche-cannabis-samen","16":"first","17":"instock","18":"taxable","19":"shipping-taxable","20":"purchasable","21":"product-type-simple"},"_links":{"self":[{"href":"https:\/\/freeseedsonline.com\/de\/wp-json\/wp\/v2\/product\/162177","targetHints":{"allow":["GET"]}}],"collection":[{"href":"https:\/\/freeseedsonline.com\/de\/wp-json\/wp\/v2\/product"}],"about":[{"href":"https:\/\/freeseedsonline.com\/de\/wp-json\/wp\/v2\/types\/product"}],"replies":[{"embeddable":true,"href":"https:\/\/freeseedsonline.com\/de\/wp-json\/wp\/v2\/comments?post=162177"}],"wp:featuredmedia":[{"embeddable":true,"href":"https:\/\/freeseedsonline.com\/de\/wp-json\/wp\/v2\/media\/192730"}],"wp:attachment":[{"href":"https:\/\/freeseedsonline.com\/de\/wp-json\/wp\/v2\/media?parent=162177"}],"wp:term":[{"taxonomy":"product_brand","embeddable":true,"href":"https:\/\/freeseedsonline.com\/de\/wp-json\/wp\/v2\/product_brand?post=162177"},{"taxonomy":"product_cat","embeddable":true,"href":"https:\/\/freeseedsonline.com\/de\/wp-json\/wp\/v2\/product_cat?post=162177"},{"taxonomy":"product_tag","embeddable":true,"href":"https:\/\/freeseedsonline.com\/de\/wp-json\/wp\/v2\/product_tag?post=162177"}],"curies":[{"name":"wp","href":"https:\/\/api.w.org\/{rel}","templated":true}]}}