{"id":162176,"date":"2026-02-12T20:49:06","date_gmt":"2026-02-12T20:49:06","guid":{"rendered":"https:\/\/freeseedsonline.com\/?p=162176"},"modified":"2026-02-12T20:49:06","modified_gmt":"2026-02-12T20:49:06","slug":"cheese-autoflower-cannabis-samen-10er-pack","status":"publish","type":"product","link":"https:\/\/freeseedsonline.com\/de\/produkte\/cheese-autoflower-cannabis-samen-10er-pack\/","title":{"rendered":"Cheese Autoflower Cannabis Samen 10er Pack"},"content":{"rendered":"<h2>Cheese Autoflower Cannabis Samen 10er Pack<\/h2>\n<p>Cheese Autoflower Cannabis Samen bestehen aus: 60% Indica. Sk Nr.1 x (Afghani x Sk Nr.1) x Dutch Automatic. Starker, fruchtiger, erdiger Duft und ein fruchtiger, Skunk-\u00e4hnlicher Geschmack. Niedrige und buschige Pflanze. Bl\u00fctezeit von 11 bis 12 Wochen. Durch die Kreuzung der Cheese-Mutter mit einem Dutch Automatic-Vater haben wir eine interessante neue Autoflower-Sorte entwickelt, die wir Cheese Autoflower nennen. Cheese Autoflower entwickelt eine Hauptbl\u00fcte mit einigen Seitenbl\u00fcten. Ihre Knospen sind kompakt und schwer. Cheese Autoflower w\u00e4chst von Samen bis zur Ernte in 11 bis 12 Wochen. Ihre Knospen haben einen starken, fruchtigen Duft und den unverkennbaren Cheese-Geschmack: fruchtig mit einem Hauch von Skunk.<\/p>\n<h3>Besonderheiten Cheese Autoflower 10er Pack Samen<\/h3>\n<p>Sehr einfach zu z\u00fcchten, sch\u00f6ne Bl\u00fctenbildung und gute Ertr\u00e4ge. Es gibt Videos im Internet \u00fcber unsere Cheese Autoflower.<\/p>\n<p>M\u00f6chten Sie diese Cannabis Samen einzeln bestellen? Das ist nat\u00fcrlich auch m\u00f6glich \u00fcber den untenstehenden Link:<\/p>\n<p><a href=\"https:\/\/freeseedsonline.com\/de\/produkte\/cheese-autoflower-cannabis-samen\">Cheese Autoflower Cannabis Samen<\/a><\/p>\n","protected":false},"excerpt":{"rendered":"<p><strong><span style=\"color: #00a859;\">Geschlecht:<\/span><\/strong> Weibliche Autoflower<\/p>\n<p><span style=\"color: #00a859;\"><strong>THC:<\/strong><\/span> 15<strong>%<\/strong><\/p>\n<p><span style=\"color: #00a859;\"><strong>Typ:<\/strong><\/span> 65% <strong>Indica<\/strong> 35% <strong>Ruderalis<\/strong><\/p>\n<p><span style=\"color: #00a859;\"><strong>Durchschnittliche H\u00f6he innen:<\/strong><\/span> 70-90 cm<\/p>\n<p><span style=\"color: #00a859;\"><strong>Durchschnittliche H\u00f6he au\u00dfen:<\/strong> <\/span> 0.80-1.10 cm<\/p>\n<p><span style=\"color: #00a859;\"><strong>Durchschnittlicher Ertrag innen bis:<\/strong><\/span> 450 Gramm\/m2<\/p>\n<p><strong><span style=\"color: #00a859;\">Durchschnittlicher Ertrag au\u00dfen:<\/span><\/strong> 160 bis 200 Gramm pro Pflanze<\/p>\n<p><span style=\"color: #00a859;\"><strong>Bl\u00fctezeit innen:<\/strong><\/span> 8 bis 9 Wochen<\/p>\n<p><span style=\"color: #50b848;\"><strong>Bl\u00fctezeit au\u00dfen:<\/strong><\/span> 8 bis 9 Wochen<\/p>\n<p>ACHTUNG! Hierbei erh\u00e4ltst du keine kostenlosen Cannabis Samen<\/p>\n<p>&nbsp;<\/p>\n","protected":false},"featured_media":192370,"comment_status":"closed","ping_status":"closed","template":"","meta":[],"product_brand":[],"product_cat":[344,319,325,329,331,330,341,328],"product_tag":[],"class_list":{"0":"post-162176","1":"product","2":"type-product","3":"status-publish","4":"has-post-thumbnail","6":"product_cat-10er-pack","7":"product_cat-alle-sorten","8":"product_cat-anfaenger-sorten","9":"product_cat-cannabis-samen-fuer-anfaenger","10":"product_cat-cannabis-samen-fuer-draussen","11":"product_cat-cannabis-samen-fuer-drinnen","12":"product_cat-cannabis-samen-im-angebot","13":"product_cat-weibliche-cannabis-samen","15":"first","16":"instock","17":"taxable","18":"shipping-taxable","19":"purchasable","20":"product-type-simple"},"_links":{"self":[{"href":"https:\/\/freeseedsonline.com\/de\/wp-json\/wp\/v2\/product\/162176","targetHints":{"allow":["GET"]}}],"collection":[{"href":"https:\/\/freeseedsonline.com\/de\/wp-json\/wp\/v2\/product"}],"about":[{"href":"https:\/\/freeseedsonline.com\/de\/wp-json\/wp\/v2\/types\/product"}],"replies":[{"embeddable":true,"href":"https:\/\/freeseedsonline.com\/de\/wp-json\/wp\/v2\/comments?post=162176"}],"wp:featuredmedia":[{"embeddable":true,"href":"https:\/\/freeseedsonline.com\/de\/wp-json\/wp\/v2\/media\/192370"}],"wp:attachment":[{"href":"https:\/\/freeseedsonline.com\/de\/wp-json\/wp\/v2\/media?parent=162176"}],"wp:term":[{"taxonomy":"product_brand","embeddable":true,"href":"https:\/\/freeseedsonline.com\/de\/wp-json\/wp\/v2\/product_brand?post=162176"},{"taxonomy":"product_cat","embeddable":true,"href":"https:\/\/freeseedsonline.com\/de\/wp-json\/wp\/v2\/product_cat?post=162176"},{"taxonomy":"product_tag","embeddable":true,"href":"https:\/\/freeseedsonline.com\/de\/wp-json\/wp\/v2\/product_tag?post=162176"}],"curies":[{"name":"wp","href":"https:\/\/api.w.org\/{rel}","templated":true}]}}