{"id":162173,"date":"2026-02-12T20:47:52","date_gmt":"2026-02-12T20:47:52","guid":{"rendered":"https:\/\/freeseedsonline.com\/?p=162173"},"modified":"2026-02-12T20:47:52","modified_gmt":"2026-02-12T20:47:52","slug":"white-widow-autoflower-cannabis-samen-10er-pack","status":"publish","type":"product","link":"https:\/\/freeseedsonline.com\/de\/produkte\/white-widow-autoflower-cannabis-samen-10er-pack\/","title":{"rendered":"White Widow Autoflower Cannabis Samen 10er Pack"},"content":{"rendered":"<h2>White Widow Autoflower Cannabissamen<\/h2>\n<p lang=\"de-DE\">White Widow Autoflower Cannabissamen bestehen aus: 60% Indica. Genotyp: Brazilian Sativa x South Indian x NL Special x Afghan Lowryder. S\u00fc\u00df-saurer Geschmack und Duft, mit einem Hauch von Blaubeeren. Von Samen bis Ernte 10 bis 11 Wochen. Sie ist eine niedrige und kompakte Pflanze, voll mit Kristallen. Ein starker Body-Stone und ein aktives High. Hohes THC-Potenzial.<\/p>\n<p lang=\"de-DE\">Wir haben eine Original Widow mit unseren Northern Lights Special und einer Afghan Lowryder gekreuzt. Das Ergebnis ist eine schnell bl\u00fchende Autoflower, die lecker schmeckt und ein hohes THC-Niveau hat. Sie hat eine halb offene Knospenstruktur, ist kleinw\u00fcchsig, liefert eine ordentliche Ernte und ist ein echter Indica-Stoner. Sie hat ovale Indica-Bl\u00e4tter. Eine Hauptkolos mit einigen kleineren Seitenkolossen, die alle superwei\u00df sind. Von Samen bis Ernte 10 bis 11 Wochen. Gut auf allen Medien anzubauen. Wir empfehlen einen Lichtzyklus von 18-6, um die Knospen gut auszuh\u00e4rten.<\/p>\n<h3>Besonderheiten der White Widow Pflanze:<\/h3>\n<p lang=\"de-DE\">Diese Pflanze war fr\u00fcher in ganz Niederlande in den Coffeeshops zu finden.<\/p>\n","protected":false},"excerpt":{"rendered":"<p><strong><span style=\"color: #00a859;\">Geschlecht:<\/span><\/strong> Weibliche Autoflower<\/p>\n<p><span style=\"color: #00a859;\"><strong>THC:<\/strong><\/span> <strong>15-18%<\/strong><\/p>\n<p><span style=\"color: #00a859;\"><strong>Typ:<\/strong><\/span><strong> Indica<\/strong> \/ <strong>Sativa<\/strong><\/p>\n<p><span style=\"color: #00a859;\"><strong>Kreuzung:<\/strong><\/span> Brazilian Sativa x South Indian x NL Special x Afghan Lowryder<\/p>\n<p><span style=\"color: #00a859;\"><strong>Durchschnittliche H\u00f6he innen:<\/strong><\/span> 0.80-120 cm<\/p>\n<p><span style=\"color: #00a859;\"><strong>Durchschnittliche H\u00f6he au\u00dfen:<\/strong> <\/span> 1.40-160 cm<\/p>\n<p><span style=\"color: #00a859;\"><strong>Durchschnittlicher Ertrag innen bis:<\/strong><\/span> bis 450 Gramm\/m2<\/p>\n<p><strong><span style=\"color: #00a859;\">Durchschnittlicher Ertrag au\u00dfen:<\/span><\/strong> 140 bis 240 Gramm pro Pflanze<\/p>\n<p><span style=\"color: #00a859;\"><strong>Bl\u00fctezeit innen:<\/strong><\/span> 10 bis 11 Wochen<\/p>\n<p><span style=\"color: #50b848;\"><strong>Bl\u00fctezeit au\u00dfen:<\/strong><\/span> 10 bis 11 Wochen<\/p>\n<p>ACHTUNG! Hierbei erh\u00e4ltst du keine kostenlosen Cannabis Samen<\/p>\n<p>&nbsp;<\/p>\n","protected":false},"featured_media":192640,"comment_status":"closed","ping_status":"closed","template":"","meta":[],"product_brand":[],"product_cat":[344,319,325,329,331,330,341,328],"product_tag":[54],"class_list":{"0":"post-162173","1":"product","2":"type-product","3":"status-publish","4":"has-post-thumbnail","6":"product_cat-10er-pack","7":"product_cat-alle-sorten","8":"product_cat-anfaenger-sorten","9":"product_cat-cannabis-samen-fuer-anfaenger","10":"product_cat-cannabis-samen-fuer-draussen","11":"product_cat-cannabis-samen-fuer-drinnen","12":"product_cat-cannabis-samen-im-angebot","13":"product_cat-weibliche-cannabis-samen","14":"product_tag-white-widow-autoflower-wietzaden","16":"first","17":"instock","18":"taxable","19":"shipping-taxable","20":"purchasable","21":"product-type-simple"},"_links":{"self":[{"href":"https:\/\/freeseedsonline.com\/de\/wp-json\/wp\/v2\/product\/162173","targetHints":{"allow":["GET"]}}],"collection":[{"href":"https:\/\/freeseedsonline.com\/de\/wp-json\/wp\/v2\/product"}],"about":[{"href":"https:\/\/freeseedsonline.com\/de\/wp-json\/wp\/v2\/types\/product"}],"replies":[{"embeddable":true,"href":"https:\/\/freeseedsonline.com\/de\/wp-json\/wp\/v2\/comments?post=162173"}],"wp:featuredmedia":[{"embeddable":true,"href":"https:\/\/freeseedsonline.com\/de\/wp-json\/wp\/v2\/media\/192640"}],"wp:attachment":[{"href":"https:\/\/freeseedsonline.com\/de\/wp-json\/wp\/v2\/media?parent=162173"}],"wp:term":[{"taxonomy":"product_brand","embeddable":true,"href":"https:\/\/freeseedsonline.com\/de\/wp-json\/wp\/v2\/product_brand?post=162173"},{"taxonomy":"product_cat","embeddable":true,"href":"https:\/\/freeseedsonline.com\/de\/wp-json\/wp\/v2\/product_cat?post=162173"},{"taxonomy":"product_tag","embeddable":true,"href":"https:\/\/freeseedsonline.com\/de\/wp-json\/wp\/v2\/product_tag?post=162173"}],"curies":[{"name":"wp","href":"https:\/\/api.w.org\/{rel}","templated":true}]}}