{"id":162167,"date":"2026-02-12T20:45:26","date_gmt":"2026-02-12T20:45:26","guid":{"rendered":"https:\/\/freeseedsonline.com\/?p=162167"},"modified":"2026-02-12T20:45:26","modified_gmt":"2026-02-12T20:45:26","slug":"5er-pack-purple-bud-regulre-cannabis-samen","status":"publish","type":"product","link":"https:\/\/freeseedsonline.com\/de\/produkte\/5er-pack-purple-bud-regulre-cannabis-samen\/","title":{"rendered":"5er-Pack Purple Bud regul\u00e4re Cannabis Samen"},"content":{"rendered":"<h2>Purple Bud regul\u00e4re Cannabis Samen<\/h2>\n<p>Die Purple Bud regul\u00e4ren Cannabis Samen keimen selbst in den H\u00e4nden eines <a href=\"https:\/\/freeseedsonline.com\/de\/drauen-cannabis-anbauen-fr-anfnger\">Anf\u00e4ngers<\/a>. Die Ernte ist nicht nur gro\u00df, sondern auch wundersch\u00f6n. Du erh\u00e4ltst n\u00e4mlich dicke, feste Buds, die sich enorm ausdehnen. So weit, dass der Stiel kaum noch sichtbar ist. Die lila Bl\u00fcten sind ein Genuss f\u00fcr jeden Liebhaber. Wenn du die Pflanze rauchst, sorgt sie f\u00fcr einen angenehmen High mit einem leicht s\u00fc\u00dflichen Geschmack.<\/p>\n<p>&nbsp;<\/p>\n","protected":false},"excerpt":{"rendered":"<p><span style=\"font-size: 110%;\"><strong>5er Pack<\/strong><\/span><\/p>\n<p><strong><span style=\"color: #00a859;\">Geschlecht:<\/span><\/strong> Weiblich &amp; m\u00e4nnlich<\/p>\n<p><span style=\"color: #00a859;\"><strong>THC:<\/strong><\/span> <strong>18%<\/strong><\/p>\n<p><span style=\"color: #50b848;\"><strong>CBD:<\/strong><\/span> Niedrig<\/p>\n<p><span style=\"color: #00a859;\"><strong>Typ:<\/strong><\/span> <strong>Sativa<\/strong><\/p>\n<p><span style=\"color: #00a859;\"><strong>Durchschnittliche H\u00f6he innen:<\/strong><\/span> 100 \u2013 120 cm<\/p>\n<p><span style=\"color: #00a859;\"><strong>Durchschnittliche H\u00f6he au\u00dfen:<\/strong> <\/span> 160 \u2013 180 cm<\/p>\n<p><span style=\"color: #00a859;\"><strong>Durchschnittlicher Ertrag innen bis:<\/strong><\/span> bis 450 Gramm\/m\u00b2<\/p>\n<p><strong><span style=\"color: #00a859;\">Durchschnittlicher Ertrag au\u00dfen:<\/span><\/strong> 500 &#8211; 600 Gramm pro Pflanze<\/p>\n<p><span style=\"color: #00a859;\"><strong>Bl\u00fctezeit innen:<\/strong><\/span> 8 bis 9 Wochen<\/p>\n<p><span style=\"color: #50b848;\"><strong>Bl\u00fctezeit au\u00dfen:<\/strong><\/span> Oktober<\/p>\n<p>&nbsp;<\/p>\n<p>ACHTUNG! Hierbei erh\u00e4ltst du keine kostenlosen Cannabis Samen!<\/p>\n<p>&nbsp;<\/p>\n","protected":false},"featured_media":192770,"comment_status":"closed","ping_status":"closed","template":"","meta":[],"product_brand":[],"product_cat":[346],"product_tag":[],"class_list":{"0":"post-162167","1":"product","2":"type-product","3":"status-publish","4":"has-post-thumbnail","6":"product_cat-regulaere-cannabis-samen","8":"first","9":"instock","10":"taxable","11":"shipping-taxable","12":"purchasable","13":"product-type-simple"},"_links":{"self":[{"href":"https:\/\/freeseedsonline.com\/de\/wp-json\/wp\/v2\/product\/162167","targetHints":{"allow":["GET"]}}],"collection":[{"href":"https:\/\/freeseedsonline.com\/de\/wp-json\/wp\/v2\/product"}],"about":[{"href":"https:\/\/freeseedsonline.com\/de\/wp-json\/wp\/v2\/types\/product"}],"replies":[{"embeddable":true,"href":"https:\/\/freeseedsonline.com\/de\/wp-json\/wp\/v2\/comments?post=162167"}],"wp:featuredmedia":[{"embeddable":true,"href":"https:\/\/freeseedsonline.com\/de\/wp-json\/wp\/v2\/media\/192770"}],"wp:attachment":[{"href":"https:\/\/freeseedsonline.com\/de\/wp-json\/wp\/v2\/media?parent=162167"}],"wp:term":[{"taxonomy":"product_brand","embeddable":true,"href":"https:\/\/freeseedsonline.com\/de\/wp-json\/wp\/v2\/product_brand?post=162167"},{"taxonomy":"product_cat","embeddable":true,"href":"https:\/\/freeseedsonline.com\/de\/wp-json\/wp\/v2\/product_cat?post=162167"},{"taxonomy":"product_tag","embeddable":true,"href":"https:\/\/freeseedsonline.com\/de\/wp-json\/wp\/v2\/product_tag?post=162167"}],"curies":[{"name":"wp","href":"https:\/\/api.w.org\/{rel}","templated":true}]}}