{"id":162164,"date":"2026-02-12T20:44:16","date_gmt":"2026-02-12T20:44:16","guid":{"rendered":"https:\/\/freeseedsonline.com\/?p=162164"},"modified":"2026-02-12T20:44:16","modified_gmt":"2026-02-12T20:44:16","slug":"5er-pack-hash-passion-regulr","status":"publish","type":"product","link":"https:\/\/freeseedsonline.com\/de\/produkte\/5er-pack-hash-passion-regulr\/","title":{"rendered":"5er-Pack Hash Passion Regul\u00e4r"},"content":{"rendered":"<h2>Hash Passion regul\u00e4re Cannabis Samen<\/h2>\n<p>Die Hash Passion regul\u00e4ren Cannabis Samen verdanken ihren Namen der Tatsache, dass aus der Pflanze oft Haschisch hergestellt wird. Dies liegt daran, dass die Pflanze gro\u00dfe Mengen an THC enth\u00e4lt. Die Pflanze w\u00e4chst sehr schnell und kann daher auch <a href=\"https:\/\/freeseedsonline.com\/de\/drauen-cannabis-anbauen\">im Freien angebaut werden<\/a>, kurz bevor die Temperaturen im Herbst sinken. Nach der Ernte kannst du sch\u00f6ne Buds erwarten, die beim Rauchen einen k\u00f6stlichen, trockenen marokkanischen Hasch-Geschmack hervorrufen.<\/p>\n<p>&nbsp;<\/p>\n","protected":false},"excerpt":{"rendered":"<h3>5er-Pack<\/h3>\n<table>\n<tbody>\n<tr>\n<td width=\"335\"><strong>Geschlecht: Weiblich\/M\u00e4nnlich<\/strong><\/td>\n<\/tr>\n<tr>\n<td width=\"335\"><strong>Genetik: <\/strong>Indica<\/td>\n<\/tr>\n<tr>\n<td width=\"335\"><strong>THC: <\/strong>18%<\/td>\n<\/tr>\n<tr>\n<td width=\"335\"><strong>Gesch\u00e4tzte H\u00f6he drinnen: <\/strong>90 \u2013 140 cm<\/td>\n<\/tr>\n<tr>\n<td width=\"335\"><strong>Gesch\u00e4tzte H\u00f6he drau\u00dfen: <\/strong>140 \u2013 170 cm<\/td>\n<\/tr>\n<tr>\n<td width=\"335\"><strong>Gesch\u00e4tzter Ertrag drinnen: <\/strong>bis zu 500 Gramm\/m\u00b2<\/td>\n<\/tr>\n<tr>\n<td width=\"335\"><strong>Gesch\u00e4tzter Ertrag drau\u00dfen: <\/strong>400 Gramm pro Pflanze<\/td>\n<\/tr>\n<tr>\n<td width=\"335\"><strong>Bl\u00fctezeit drinnen: <\/strong>7 &#8211; 8 Wochen<\/td>\n<\/tr>\n<tr>\n<td width=\"335\"><strong>Erntemonat drau\u00dfen: <\/strong>Oktober<\/td>\n<\/tr>\n<tr>\n<td width=\"335\"><strong>Einfach zu z\u00fcchtende Pflanze: <\/strong>Sehr geeignet f\u00fcr Anf\u00e4nger<\/td>\n<\/tr>\n<\/tbody>\n<\/table>\n<p>*<em>Hierbei erh\u00e4ltst du keine kostenlosen Cannabis Samen!<\/em><\/p>\n","protected":false},"featured_media":192750,"comment_status":"closed","ping_status":"closed","template":"","meta":[],"product_brand":[],"product_cat":[346],"product_tag":[],"class_list":{"0":"post-162164","1":"product","2":"type-product","3":"status-publish","4":"has-post-thumbnail","6":"product_cat-regulaere-cannabis-samen","8":"first","9":"outofstock","10":"taxable","11":"shipping-taxable","12":"purchasable","13":"product-type-simple"},"_links":{"self":[{"href":"https:\/\/freeseedsonline.com\/de\/wp-json\/wp\/v2\/product\/162164","targetHints":{"allow":["GET"]}}],"collection":[{"href":"https:\/\/freeseedsonline.com\/de\/wp-json\/wp\/v2\/product"}],"about":[{"href":"https:\/\/freeseedsonline.com\/de\/wp-json\/wp\/v2\/types\/product"}],"replies":[{"embeddable":true,"href":"https:\/\/freeseedsonline.com\/de\/wp-json\/wp\/v2\/comments?post=162164"}],"wp:featuredmedia":[{"embeddable":true,"href":"https:\/\/freeseedsonline.com\/de\/wp-json\/wp\/v2\/media\/192750"}],"wp:attachment":[{"href":"https:\/\/freeseedsonline.com\/de\/wp-json\/wp\/v2\/media?parent=162164"}],"wp:term":[{"taxonomy":"product_brand","embeddable":true,"href":"https:\/\/freeseedsonline.com\/de\/wp-json\/wp\/v2\/product_brand?post=162164"},{"taxonomy":"product_cat","embeddable":true,"href":"https:\/\/freeseedsonline.com\/de\/wp-json\/wp\/v2\/product_cat?post=162164"},{"taxonomy":"product_tag","embeddable":true,"href":"https:\/\/freeseedsonline.com\/de\/wp-json\/wp\/v2\/product_tag?post=162164"}],"curies":[{"name":"wp","href":"https:\/\/api.w.org\/{rel}","templated":true}]}}