{"id":162152,"date":"2026-02-12T20:35:15","date_gmt":"2026-02-12T20:35:15","guid":{"rendered":"https:\/\/freeseedsonline.com\/?p=162152"},"modified":"2026-02-12T20:35:15","modified_gmt":"2026-02-12T20:35:15","slug":"10er-pack-blueberry-cannabis-samen","status":"publish","type":"product","link":"https:\/\/freeseedsonline.com\/de\/produkte\/10er-pack-blueberry-cannabis-samen\/","title":{"rendered":"10er-Pack Blueberry Cannabis Samen"},"content":{"rendered":"<h2>10 Samen Feminisierte Blueberry Cannabis Samen<\/h2>\n<p><strong>75% Indica. Genotyp: (Chocolate Thai x Afghani #1 x Highland Oaxaca) x NL Special. Fruchtiges, leicht erdiger Duft und s\u00fc\u00dfer Heidelbeergeschmack. Schwere, kompakte Buds. Hoher Ertrag. Vielseitigste medizinische Pflanze. Ein echter, langanhaltender Indica-Bodystone. Potenzieller THC-Gehalt der Blueberry Cannabis Samen ist hoch.<\/strong><\/p>\n<p>Die originalen Blueberry Cannabis Samen bestehen aus einer exotischen Mischung aus Highland Oaxaca, Chocolate Thai und Afghani. Diese wurde vom ber\u00fchmten DJ Short in Kalifornien entwickelt. Wir haben diese Blueberry mit unserer Northern Lights Special gekreuzt. Das Ergebnis ist eine Sorte, die noch st\u00e4rker Indica-dominant ist als ihre Mutter. Eine 75% Indica-dominante Pflanze mit einem hohen THC-Gehalt. Sie kann in n\u00f6rdlicheren L\u00e4ndern im Freien angebaut werden. Nach einigen kalten Tagen kann die gesamte Pflanze einen blauen Schimmer annehmen.<\/p>\n<p>Unsere Blueberry Cannabis Samen haben drei Ph\u00e4notypen, die sich in der Struktur der Buds, Bl\u00e4tter, dem High und der Farbe der Pflanze unterscheiden.<\/p>\n<p>Pheno 1: (Indica-dominant) hat langgestreckte, kompakte Buds mit wenigen Bl\u00e4ttern. Sie ist sehr gr\u00fcn, mit einigen violetten Stempeln.<\/p>\n<p>Pheno 2: (Indica-dominant) wird fast vollst\u00e4ndig violett, sowohl die Buds als auch die Bl\u00e4tter, und sie liefert einen typischen Indica-High.<\/p>\n<p>Pheno 3: Der letzte Ph\u00e4notyp, Pheno 3, ist im Aussehen Sativa-dominant, nur die Bl\u00fctenkelche werden violett. Dieser Ph\u00e4notyp bildet eine gro\u00dfe, langgestreckte Hauptbl\u00fcte. Der High ist auch etwas st\u00e4rker Sativa-beeinflusst.<\/p>\n<p>Im Allgemeinen entstehen aus den Blueberry Cannabis Samen kurze, robuste und buschige Pflanzen, die schwere Buds produzieren. Die Bl\u00fctenkelche sind kerzenf\u00f6rmig: mittelgro\u00df bis gro\u00df. Unter idealen Bedingungen werden diese Bl\u00fctenkelche violett. Ein gutes Bl\u00fcten-Blatt-Verh\u00e4ltnis. Du kannst ihre Buds toppen oder fimmen. Sie ben\u00f6tigt dann jedoch etwas mehr Platz. Verwende nicht zu viel N\u00e4hrstoffe und eine vegetative Phase von maximal drei Wochen.<\/p>\n<p><strong>Medizinische Wirkung von Blueberry Cannabis Samen<\/strong><br \/>\nSie hat einen fruchtigen, erdigen Duft und einen beerig-s\u00fc\u00dfen Geschmack. Der High ist deutlich Indica mit einem starken Bodystone. Medizinische Anwendung: Schlaflosigkeit, Verdauungsprobleme, emotionale Probleme, \u00dcbelkeit, Durchfall, Menstruationsschmerzen, chronische Schmerzen, Gelenkschmerzen, Muskelschmerzen und Fibromyalgie.<\/p>\n","protected":false},"excerpt":{"rendered":"<p><span style=\"font-size: 115%;\"><strong>10er Pack<\/strong><\/span><\/p>\n<p><strong><span style=\"color: #00a859;\">Geschlecht:<\/span><\/strong> Feminisiert<\/p>\n<p><span style=\"color: #00a859;\"><strong>THC:<\/strong><\/span> <strong>20%<\/strong><\/p>\n<p><span style=\"color: #00a859;\"><strong>Typ:<\/strong><\/span> 25% <strong>Sativa<\/strong> 75% <strong>Indica<\/strong><\/p>\n<p><span style=\"color: #00a859;\"><strong>Kreuzung:<\/strong><\/span> Chocolate Thai x Afghani #1 x Highland Oaxaca x NL Special<\/p>\n<p><span style=\"color: #00a859;\"><strong>Durchschnittliche H\u00f6he innen:<\/strong><\/span> 0.80-120 cm<\/p>\n<p><span style=\"color: #00a859;\"><strong>Durchschnittliche H\u00f6he au\u00dfen:<\/strong> <\/span> 1.10-130 cm<\/p>\n<p><span style=\"color: #00a859;\"><strong>Durchschnittlicher Ertrag innen bis:<\/strong><\/span> 450 Gramm\/m2<\/p>\n<p><strong><span style=\"color: #00a859;\">Durchschnittlicher Ertrag au\u00dfen:<\/span><\/strong> 400 Gramm pro Pflanze<\/p>\n<p><span style=\"color: #00a859;\"><strong>Bl\u00fctezeit innen:<\/strong><\/span> 9 bis 10 Wochen<\/p>\n<p><span style=\"color: #50b848;\"><strong>Bl\u00fctezeit au\u00dfen:<\/strong><\/span> September\/Oktober<\/p>\n<p>&nbsp;<\/p>\n<p>ACHTUNG! Hierbei keine extra kostenlosen Samen!<\/p>\n","protected":false},"featured_media":192690,"comment_status":"closed","ping_status":"closed","template":"","meta":[],"product_brand":[],"product_cat":[344,319,325,341,328],"product_tag":[],"class_list":{"0":"post-162152","1":"product","2":"type-product","3":"status-publish","4":"has-post-thumbnail","6":"product_cat-10er-pack","7":"product_cat-alle-sorten","8":"product_cat-anfaenger-sorten","9":"product_cat-cannabis-samen-im-angebot","10":"product_cat-weibliche-cannabis-samen","12":"first","13":"instock","14":"taxable","15":"shipping-taxable","16":"purchasable","17":"product-type-simple"},"_links":{"self":[{"href":"https:\/\/freeseedsonline.com\/de\/wp-json\/wp\/v2\/product\/162152","targetHints":{"allow":["GET"]}}],"collection":[{"href":"https:\/\/freeseedsonline.com\/de\/wp-json\/wp\/v2\/product"}],"about":[{"href":"https:\/\/freeseedsonline.com\/de\/wp-json\/wp\/v2\/types\/product"}],"replies":[{"embeddable":true,"href":"https:\/\/freeseedsonline.com\/de\/wp-json\/wp\/v2\/comments?post=162152"}],"wp:featuredmedia":[{"embeddable":true,"href":"https:\/\/freeseedsonline.com\/de\/wp-json\/wp\/v2\/media\/192690"}],"wp:attachment":[{"href":"https:\/\/freeseedsonline.com\/de\/wp-json\/wp\/v2\/media?parent=162152"}],"wp:term":[{"taxonomy":"product_brand","embeddable":true,"href":"https:\/\/freeseedsonline.com\/de\/wp-json\/wp\/v2\/product_brand?post=162152"},{"taxonomy":"product_cat","embeddable":true,"href":"https:\/\/freeseedsonline.com\/de\/wp-json\/wp\/v2\/product_cat?post=162152"},{"taxonomy":"product_tag","embeddable":true,"href":"https:\/\/freeseedsonline.com\/de\/wp-json\/wp\/v2\/product_tag?post=162152"}],"curies":[{"name":"wp","href":"https:\/\/api.w.org\/{rel}","templated":true}]}}