{"id":162149,"date":"2026-02-12T19:47:39","date_gmt":"2026-02-12T19:47:39","guid":{"rendered":"https:\/\/freeseedsonline.com\/?p=162149"},"modified":"2026-02-12T19:47:39","modified_gmt":"2026-02-12T19:47:39","slug":"10er-pack-white-haze-autoflower-cannabis-samen","status":"publish","type":"product","link":"https:\/\/freeseedsonline.com\/de\/produkte\/10er-pack-white-haze-autoflower-cannabis-samen\/","title":{"rendered":"10er-Pack White Haze Autoflower Cannabis Samen"},"content":{"rendered":"<h2>10er-Pack White Haze Autoflower Cannabis Samen<\/h2>\n<p>White Haze Autoflower Cannabis Samen sind einfacher zu z\u00fcchten als die regul\u00e4re Haze. Die White Haze Autoflower ist eine feminisierte Hybride. Die Bl\u00fctephase der White Haze Autoflower beginnt, wenn sie ihr sechstes bis neuntes Paar f\u00fcnffingriger Bl\u00e4tter entwickelt hat. Dies ist in der Regel nach 6 bis 8 Wochen der Fall. Wenn Sie drinnen anbauen, sind mehrere Ernten pro Jahr m\u00f6glich. Mit einem langen und sonnigen Sommer kann die White Haze Autoflower auch drau\u00dfen erfolgreich gez\u00fcchtet werden. Unter normalen Bedingungen erreicht die White Haze Autoflower eine H\u00f6he von 100 bis 120 cm und liefert einen Ertrag von etwa 450 Gramm pro m\u00b2. Im Freien erreicht sie eine H\u00f6he von 110 bis 130 cm und liefert einen Ertrag von etwa 120 Gramm pro Pflanze. Gegen Ende ihrer Bl\u00fctezeit beginnt die White Haze ihr s\u00fc\u00dfes und scharfes Aroma zu verstr\u00f6men. White Haze sorgt f\u00fcr ein schwebendes, euphorisches High und einen mittleren Body-Stone.<\/p>\n<h3>Besonderheiten der White Haze Autoflower:<\/h3>\n<p>Sch\u00f6ne kompakte Buds und f\u00fcr eine Haze-Pflanze sehr klein und einfach zu z\u00fcchten.<\/p>\n","protected":false},"excerpt":{"rendered":"<p><span style=\"font-size: 115%;\"><strong>10er Pack<\/strong><\/span><\/p>\n<p><strong><span style=\"color: #00a859;\">Geschlecht:<\/span><\/strong> Feminisiert<\/p>\n<p><span style=\"color: #00a859;\"><strong>THC:<\/strong><\/span> <strong>19%<\/strong><\/p>\n<p><span style=\"color: #00a859;\"><strong>Typ:<\/strong><\/span> 55%<strong> Indica<\/strong> 45% <strong>Sativa<\/strong><\/p>\n<p><span style=\"color: #00a859;\"><strong>Durchschnittliche H\u00f6he innen:<\/strong><\/span> 0,80-120 cm<\/p>\n<p><span style=\"color: #00a859;\"><strong>Durchschnittliche H\u00f6he au\u00dfen:<\/strong> <\/span> 1,10-1,30 cm<\/p>\n<p><span style=\"color: #00a859;\"><strong>Durchschnittlicher Ertrag innen bis:<\/strong><\/span> bis 450 Gramm\/m2<\/p>\n<p><strong><span style=\"color: #00a859;\">Durchschnittlicher Ertrag au\u00dfen:<\/span><\/strong> 120 Gramm pro Pflanze<\/p>\n<p><span style=\"color: #00a859;\"><strong>Bl\u00fctezeit innen:<\/strong><\/span> 9 bis 10 Wochen<\/p>\n<p><span style=\"color: #50b848;\"><strong>Bl\u00fctezeit au\u00dfen:<\/strong><\/span> 9 bis 10 Wochen<\/p>\n<p>&nbsp;<\/p>\n<p>ACHTUNG! Hierbei keine extra kostenlosen Samen!<\/p>\n","protected":false},"featured_media":192675,"comment_status":"closed","ping_status":"closed","template":"","meta":[],"product_brand":[],"product_cat":[344,319,325,329,331,341,322,328],"product_tag":[],"class_list":{"0":"post-162149","1":"product","2":"type-product","3":"status-publish","4":"has-post-thumbnail","6":"product_cat-10er-pack","7":"product_cat-alle-sorten","8":"product_cat-anfaenger-sorten","9":"product_cat-cannabis-samen-fuer-anfaenger","10":"product_cat-cannabis-samen-fuer-draussen","11":"product_cat-cannabis-samen-im-angebot","12":"product_cat-haze-cannabis-samen","13":"product_cat-weibliche-cannabis-samen","15":"first","16":"instock","17":"taxable","18":"shipping-taxable","19":"purchasable","20":"product-type-simple"},"_links":{"self":[{"href":"https:\/\/freeseedsonline.com\/de\/wp-json\/wp\/v2\/product\/162149","targetHints":{"allow":["GET"]}}],"collection":[{"href":"https:\/\/freeseedsonline.com\/de\/wp-json\/wp\/v2\/product"}],"about":[{"href":"https:\/\/freeseedsonline.com\/de\/wp-json\/wp\/v2\/types\/product"}],"replies":[{"embeddable":true,"href":"https:\/\/freeseedsonline.com\/de\/wp-json\/wp\/v2\/comments?post=162149"}],"wp:featuredmedia":[{"embeddable":true,"href":"https:\/\/freeseedsonline.com\/de\/wp-json\/wp\/v2\/media\/192675"}],"wp:attachment":[{"href":"https:\/\/freeseedsonline.com\/de\/wp-json\/wp\/v2\/media?parent=162149"}],"wp:term":[{"taxonomy":"product_brand","embeddable":true,"href":"https:\/\/freeseedsonline.com\/de\/wp-json\/wp\/v2\/product_brand?post=162149"},{"taxonomy":"product_cat","embeddable":true,"href":"https:\/\/freeseedsonline.com\/de\/wp-json\/wp\/v2\/product_cat?post=162149"},{"taxonomy":"product_tag","embeddable":true,"href":"https:\/\/freeseedsonline.com\/de\/wp-json\/wp\/v2\/product_tag?post=162149"}],"curies":[{"name":"wp","href":"https:\/\/api.w.org\/{rel}","templated":true}]}}